{"id":2749,"date":"2020-02-14T03:41:48","date_gmt":"2020-02-14T02:41:48","guid":{"rendered":"https:\/\/dev.ferienhaus-feldberg.net\/reserver\/"},"modified":"2025-12-26T23:10:09","modified_gmt":"2025-12-26T22:10:09","slug":"reserver","status":"publish","type":"page","link":"https:\/\/ferienhaus-feldberg.net\/fr\/reserver\/","title":{"rendered":"R\u00c9SERVER"},"content":{"rendered":"<p><div class=\"fusion-fullwidth fullwidth-box fusion-builder-row-1 has-pattern-background has-mask-background fusion-parallax-none nonhundred-percent-fullwidth non-hundred-percent-height-scrolling fusion-no-small-visibility\" style=\"--awb-background-position:center bottom;--awb-border-radius-top-left:0px;--awb-border-radius-top-right:0px;--awb-border-radius-bottom-right:0px;--awb-border-radius-bottom-left:0px;--awb-background-image:url(&quot;https:\/\/ferienhaus-feldberg.net\/wp-content\/uploads\/2020\/02\/buchen-Feldberg-Chalets.jpg&quot;);--awb-background-size:cover;--awb-flex-wrap:wrap;\" ><div class=\"fusion-builder-row fusion-row\"><div class=\"fusion-layout-column fusion_builder_column fusion-builder-column-0 fusion_builder_column_1_1 1_1 fusion-one-full fusion-column-first fusion-column-last\" style=\"--awb-bg-position:right bottom;--awb-bg-blend:overlay;--awb-bg-size:cover;\"><div class=\"fusion-column-wrapper fusion-flex-column-wrapper-legacy\"><div class=\"fusion-text fusion-text-1\"><p style=\"letter-spacing: 4px; font-size: 13px; margin-bottom: 0px; text-align: center;\">DEMANDER SANS ENGAGEMENT ET GRATUITEMENT<\/p>\n<h1 style=\"font-size: 36px; text-align: center;\" data-fontsize=\"46\" data-lineheight=\"51\" data-fusion-font=\"true\"><span style=\"color: #603813;\">Disponibilit\u00e9 des maisons de vacances For\u00eat-Noire<\/span><\/h1>\n<\/div><div class=\"fusion-sep-clear\"><\/div><div class=\"fusion-separator\" style=\"margin-left: auto;margin-right: auto;margin-top:0px;margin-bottom:70px;width:100%;max-width:50px;\"><div class=\"fusion-separator-border sep-single sep-solid\" style=\"--awb-height:20px;--awb-amount:20px;--awb-sep-color:#cbaa5c;border-color:#cbaa5c;border-top-width:1px;\"><\/div><\/div><div class=\"fusion-sep-clear\"><\/div><div class=\"fusion-text fusion-text-2\" style=\"--awb-content-alignment:center;\"><div id=\"beds24target_57342_0_0\"><iframe onload=\"window.parent.parent.scrollTo(0,0)\" src =\"https:\/\/www.beds24.com\/booking2.php?1&#038;ownerid=57342&#038;numnight=3&#038;numadult=2&#038;numchild=0&#038;lang=fr&#038;referer=wordpress&#038;\" width=\"800\" height=\"2050\" style=\"max-width:100%;border:none;overflow:auto;\"><p><a href=\"https:\/\/www.beds24.com\/booking2.php?1&#038;ownerid=57342&#038;numnight=3&#038;numadult=2&#038;numchild=0&#038;lang=fr&#038;referer=wordpress&#038;\">Book Now<\/a><\/p><\/iframe><\/div>\n<\/div><div class=\"fusion-sep-clear\"><\/div><div class=\"fusion-separator fusion-full-width-sep\" style=\"margin-left: auto;margin-right: auto;margin-bottom:100px;width:100%;\"><\/div><div class=\"fusion-sep-clear\"><\/div><div class=\"fusion-clearfix\"><\/div><\/div><\/div><\/div><\/div><div class=\"fusion-fullwidth fullwidth-box fusion-builder-row-2 has-pattern-background has-mask-background nonhundred-percent-fullwidth non-hundred-percent-height-scrolling fusion-no-medium-visibility fusion-no-large-visibility\" style=\"--awb-background-position:center bottom;--awb-border-radius-top-left:0px;--awb-border-radius-top-right:0px;--awb-border-radius-bottom-right:0px;--awb-border-radius-bottom-left:0px;--awb-background-color:var(--awb-color1);--awb-flex-wrap:wrap;\" ><div class=\"fusion-builder-row fusion-row\"><div class=\"fusion-layout-column fusion_builder_column fusion-builder-column-1 fusion_builder_column_1_1 1_1 fusion-one-full fusion-column-first fusion-column-last\" style=\"--awb-bg-position:right bottom;--awb-bg-blend:overlay;--awb-bg-size:cover;\"><div class=\"fusion-column-wrapper fusion-flex-column-wrapper-legacy\"><div class=\"fusion-text fusion-text-3\"><p style=\"letter-spacing: 4px; font-size: 13px; margin-bottom: 0px; text-align: center;\">DEMANDER SANS ENGAGEMENT ET GRATUITEMENT<\/p>\n<h1 style=\"font-size: 36px; text-align: center;\" data-fontsize=\"46\" data-lineheight=\"51\" data-fusion-font=\"true\"><span style=\"color: #603813;\">Disponibilit\u00e9 des maisons de vacances For\u00eat-Noire<\/span><\/h1>\n<\/div><div class=\"fusion-sep-clear\"><\/div><div class=\"fusion-separator\" style=\"margin-left: auto;margin-right: auto;margin-top:0px;margin-bottom:70px;width:100%;max-width:50px;\"><div class=\"fusion-separator-border sep-single sep-solid\" style=\"--awb-height:20px;--awb-amount:20px;--awb-sep-color:#cbaa5c;border-color:#cbaa5c;border-top-width:1px;\"><\/div><\/div><div class=\"fusion-sep-clear\"><\/div><div class=\"fusion-text fusion-text-4\" style=\"--awb-content-alignment:center;\"><div id=\"beds24target_57342_0_0\"><iframe onload=\"window.parent.parent.scrollTo(0,0)\" src =\"https:\/\/www.beds24.com\/booking2.php?1&#038;ownerid=57342&#038;numnight=3&#038;numadult=2&#038;numchild=0&#038;lang=fr&#038;referer=wordpress&#038;\" width=\"800\" height=\"2050\" style=\"max-width:100%;border:none;overflow:auto;\"><p><a href=\"https:\/\/www.beds24.com\/booking2.php?1&#038;ownerid=57342&#038;numnight=3&#038;numadult=2&#038;numchild=0&#038;lang=fr&#038;referer=wordpress&#038;\">Book Now<\/a><\/p><\/iframe><\/div>\n<\/div><div class=\"fusion-sep-clear\"><\/div><div class=\"fusion-separator fusion-full-width-sep\" style=\"margin-left: auto;margin-right: auto;margin-bottom:100px;width:100%;\"><\/div><div class=\"fusion-sep-clear\"><\/div><div class=\"fusion-clearfix\"><\/div><\/div><\/div><\/div><\/div><\/p>\n","protected":false},"excerpt":{"rendered":"","protected":false},"author":1,"featured_media":0,"parent":0,"menu_order":0,"comment_status":"open","ping_status":"open","template":"100-width.php","meta":{"footnotes":"","_wp_rev_ctl_limit":""},"class_list":["post-2749","page","type-page","status-publish","hentry"],"yoast_head":"<!-- This site is optimized with the Yoast SEO plugin v26.6 - https:\/\/yoast.com\/wordpress\/plugins\/seo\/ -->\n<title>Maison de vacances For\u00eat-Noire Disponibilit\u00e9 Demande de r\u00e9servation<\/title>\n<meta name=\"description\" content=\"Chalet de vacances de luxe en bois massif au milieu de la For\u00eat-Noire sur le Feldberg. % Demandez maintenant la disponibilit\u00e9 des maisons de vacances de la For\u00eat-Noire, sans engagement et gratuitement\" \/>\n<meta name=\"robots\" content=\"index, follow, max-snippet:-1, max-image-preview:large, max-video-preview:-1\" \/>\n<link rel=\"canonical\" href=\"https:\/\/ferienhaus-feldberg.net\/fr\/reserver\/\" \/>\n<meta property=\"og:locale\" content=\"fr_FR\" \/>\n<meta property=\"og:type\" content=\"article\" \/>\n<meta property=\"og:title\" content=\"Maison de vacances For\u00eat-Noire Disponibilit\u00e9 Demande de r\u00e9servation\" \/>\n<meta property=\"og:description\" content=\"Chalet de vacances de luxe en bois massif au milieu de la For\u00eat-Noire sur le Feldberg. % Demandez maintenant la disponibilit\u00e9 des maisons de vacances de la For\u00eat-Noire, sans engagement et gratuitement\" \/>\n<meta property=\"og:url\" content=\"https:\/\/ferienhaus-feldberg.net\/fr\/reserver\/\" \/>\n<meta property=\"og:site_name\" content=\"Schwarzwald Ferienhaus auf dem Feldberg\" \/>\n<meta property=\"article:modified_time\" content=\"2025-12-26T22:10:09+00:00\" \/>\n<meta name=\"twitter:card\" content=\"summary_large_image\" \/>\n<script type=\"application\/ld+json\" class=\"yoast-schema-graph\">{\"@context\":\"https:\/\/schema.org\",\"@graph\":[{\"@type\":\"WebPage\",\"@id\":\"https:\/\/ferienhaus-feldberg.net\/fr\/reserver\/\",\"url\":\"https:\/\/ferienhaus-feldberg.net\/fr\/reserver\/\",\"name\":\"Maison de vacances For\u00eat-Noire Disponibilit\u00e9 Demande de r\u00e9servation\",\"isPartOf\":{\"@id\":\"https:\/\/ferienhaus-feldberg.net\/fr\/#website\"},\"datePublished\":\"2020-02-14T02:41:48+00:00\",\"dateModified\":\"2025-12-26T22:10:09+00:00\",\"description\":\"Chalet de vacances de luxe en bois massif au milieu de la For\u00eat-Noire sur le Feldberg. % Demandez maintenant la disponibilit\u00e9 des maisons de vacances de la For\u00eat-Noire, sans engagement et gratuitement\",\"breadcrumb\":{\"@id\":\"https:\/\/ferienhaus-feldberg.net\/fr\/reserver\/#breadcrumb\"},\"inLanguage\":\"fr-FR\",\"potentialAction\":[{\"@type\":\"ReadAction\",\"target\":[\"https:\/\/ferienhaus-feldberg.net\/fr\/reserver\/\"]}]},{\"@type\":\"BreadcrumbList\",\"@id\":\"https:\/\/ferienhaus-feldberg.net\/fr\/reserver\/#breadcrumb\",\"itemListElement\":[{\"@type\":\"ListItem\",\"position\":1,\"name\":\"Startseite\",\"item\":\"https:\/\/ferienhaus-feldberg.net\/fr\/accueil\/\"},{\"@type\":\"ListItem\",\"position\":2,\"name\":\"R\u00c9SERVER\"}]},{\"@type\":\"WebSite\",\"@id\":\"https:\/\/ferienhaus-feldberg.net\/fr\/#website\",\"url\":\"https:\/\/ferienhaus-feldberg.net\/fr\/\",\"name\":\"Schwarzwald Ferienhaus auf dem Feldberg\",\"description\":\"Das einzigartige Ferienhaus im Schwarzwald auf dem Feldberg\",\"publisher\":{\"@id\":\"https:\/\/ferienhaus-feldberg.net\/fr\/#organization\"},\"potentialAction\":[{\"@type\":\"SearchAction\",\"target\":{\"@type\":\"EntryPoint\",\"urlTemplate\":\"https:\/\/ferienhaus-feldberg.net\/fr\/?s={search_term_string}\"},\"query-input\":{\"@type\":\"PropertyValueSpecification\",\"valueRequired\":true,\"valueName\":\"search_term_string\"}}],\"inLanguage\":\"fr-FR\"},{\"@type\":\"Organization\",\"@id\":\"https:\/\/ferienhaus-feldberg.net\/fr\/#organization\",\"name\":\"Blockhaus-Chalet GmbH\",\"url\":\"https:\/\/ferienhaus-feldberg.net\/fr\/\",\"logo\":{\"@type\":\"ImageObject\",\"inLanguage\":\"fr-FR\",\"@id\":\"https:\/\/ferienhaus-feldberg.net\/fr\/#\/schema\/logo\/image\/\",\"url\":\"https:\/\/ferienhaus-feldberg.net\/wp-content\/uploads\/2020\/01\/blockhaus-chalet_logo_retina.png\",\"contentUrl\":\"https:\/\/ferienhaus-feldberg.net\/wp-content\/uploads\/2020\/01\/blockhaus-chalet_logo_retina.png\",\"width\":400,\"height\":231,\"caption\":\"Blockhaus-Chalet GmbH\"},\"image\":{\"@id\":\"https:\/\/ferienhaus-feldberg.net\/fr\/#\/schema\/logo\/image\/\"}}]}<\/script>\n<!-- \/ Yoast SEO plugin. -->","yoast_head_json":{"title":"Maison de vacances For\u00eat-Noire Disponibilit\u00e9 Demande de r\u00e9servation","description":"Chalet de vacances de luxe en bois massif au milieu de la For\u00eat-Noire sur le Feldberg. % Demandez maintenant la disponibilit\u00e9 des maisons de vacances de la For\u00eat-Noire, sans engagement et gratuitement","robots":{"index":"index","follow":"follow","max-snippet":"max-snippet:-1","max-image-preview":"max-image-preview:large","max-video-preview":"max-video-preview:-1"},"canonical":"https:\/\/ferienhaus-feldberg.net\/fr\/reserver\/","og_locale":"fr_FR","og_type":"article","og_title":"Maison de vacances For\u00eat-Noire Disponibilit\u00e9 Demande de r\u00e9servation","og_description":"Chalet de vacances de luxe en bois massif au milieu de la For\u00eat-Noire sur le Feldberg. % Demandez maintenant la disponibilit\u00e9 des maisons de vacances de la For\u00eat-Noire, sans engagement et gratuitement","og_url":"https:\/\/ferienhaus-feldberg.net\/fr\/reserver\/","og_site_name":"Schwarzwald Ferienhaus auf dem Feldberg","article_modified_time":"2025-12-26T22:10:09+00:00","twitter_card":"summary_large_image","schema":{"@context":"https:\/\/schema.org","@graph":[{"@type":"WebPage","@id":"https:\/\/ferienhaus-feldberg.net\/fr\/reserver\/","url":"https:\/\/ferienhaus-feldberg.net\/fr\/reserver\/","name":"Maison de vacances For\u00eat-Noire Disponibilit\u00e9 Demande de r\u00e9servation","isPartOf":{"@id":"https:\/\/ferienhaus-feldberg.net\/fr\/#website"},"datePublished":"2020-02-14T02:41:48+00:00","dateModified":"2025-12-26T22:10:09+00:00","description":"Chalet de vacances de luxe en bois massif au milieu de la For\u00eat-Noire sur le Feldberg. % Demandez maintenant la disponibilit\u00e9 des maisons de vacances de la For\u00eat-Noire, sans engagement et gratuitement","breadcrumb":{"@id":"https:\/\/ferienhaus-feldberg.net\/fr\/reserver\/#breadcrumb"},"inLanguage":"fr-FR","potentialAction":[{"@type":"ReadAction","target":["https:\/\/ferienhaus-feldberg.net\/fr\/reserver\/"]}]},{"@type":"BreadcrumbList","@id":"https:\/\/ferienhaus-feldberg.net\/fr\/reserver\/#breadcrumb","itemListElement":[{"@type":"ListItem","position":1,"name":"Startseite","item":"https:\/\/ferienhaus-feldberg.net\/fr\/accueil\/"},{"@type":"ListItem","position":2,"name":"R\u00c9SERVER"}]},{"@type":"WebSite","@id":"https:\/\/ferienhaus-feldberg.net\/fr\/#website","url":"https:\/\/ferienhaus-feldberg.net\/fr\/","name":"Schwarzwald Ferienhaus auf dem Feldberg","description":"Das einzigartige Ferienhaus im Schwarzwald auf dem Feldberg","publisher":{"@id":"https:\/\/ferienhaus-feldberg.net\/fr\/#organization"},"potentialAction":[{"@type":"SearchAction","target":{"@type":"EntryPoint","urlTemplate":"https:\/\/ferienhaus-feldberg.net\/fr\/?s={search_term_string}"},"query-input":{"@type":"PropertyValueSpecification","valueRequired":true,"valueName":"search_term_string"}}],"inLanguage":"fr-FR"},{"@type":"Organization","@id":"https:\/\/ferienhaus-feldberg.net\/fr\/#organization","name":"Blockhaus-Chalet GmbH","url":"https:\/\/ferienhaus-feldberg.net\/fr\/","logo":{"@type":"ImageObject","inLanguage":"fr-FR","@id":"https:\/\/ferienhaus-feldberg.net\/fr\/#\/schema\/logo\/image\/","url":"https:\/\/ferienhaus-feldberg.net\/wp-content\/uploads\/2020\/01\/blockhaus-chalet_logo_retina.png","contentUrl":"https:\/\/ferienhaus-feldberg.net\/wp-content\/uploads\/2020\/01\/blockhaus-chalet_logo_retina.png","width":400,"height":231,"caption":"Blockhaus-Chalet GmbH"},"image":{"@id":"https:\/\/ferienhaus-feldberg.net\/fr\/#\/schema\/logo\/image\/"}}]}},"amp_enabled":false,"_links":{"self":[{"href":"https:\/\/ferienhaus-feldberg.net\/fr\/wp-json\/wp\/v2\/pages\/2749","targetHints":{"allow":["GET"]}}],"collection":[{"href":"https:\/\/ferienhaus-feldberg.net\/fr\/wp-json\/wp\/v2\/pages"}],"about":[{"href":"https:\/\/ferienhaus-feldberg.net\/fr\/wp-json\/wp\/v2\/types\/page"}],"author":[{"embeddable":true,"href":"https:\/\/ferienhaus-feldberg.net\/fr\/wp-json\/wp\/v2\/users\/1"}],"replies":[{"embeddable":true,"href":"https:\/\/ferienhaus-feldberg.net\/fr\/wp-json\/wp\/v2\/comments?post=2749"}],"version-history":[{"count":5,"href":"https:\/\/ferienhaus-feldberg.net\/fr\/wp-json\/wp\/v2\/pages\/2749\/revisions"}],"predecessor-version":[{"id":4198,"href":"https:\/\/ferienhaus-feldberg.net\/fr\/wp-json\/wp\/v2\/pages\/2749\/revisions\/4198"}],"wp:attachment":[{"href":"https:\/\/ferienhaus-feldberg.net\/fr\/wp-json\/wp\/v2\/media?parent=2749"}],"curies":[{"name":"wp","href":"https:\/\/api.w.org\/{rel}","templated":true}]}}