{"id":2564,"date":"2020-02-11T05:35:33","date_gmt":"2020-02-11T04:35:33","guid":{"rendered":"https:\/\/dev.ferienhaus-feldberg.net\/impressions\/"},"modified":"2025-12-14T18:30:09","modified_gmt":"2025-12-14T17:30:09","slug":"impressions","status":"publish","type":"page","link":"https:\/\/ferienhaus-feldberg.net\/fr\/impressions\/","title":{"rendered":"IMPRESSIONS"},"content":{"rendered":"<div class=\"fusion-fullwidth fullwidth-box fusion-builder-row-1 fusion-parallax-none nonhundred-percent-fullwidth non-hundred-percent-height-scrolling\" style=\"--awb-background-position:center bottom;--awb-border-sizes-top:0px;--awb-border-sizes-bottom:0px;--awb-border-sizes-left:0px;--awb-border-sizes-right:0px;--awb-border-radius-top-left:0px;--awb-border-radius-top-right:0px;--awb-border-radius-bottom-right:0px;--awb-border-radius-bottom-left:0px;--awb-padding-top:0px;--awb-padding-bottom:0px;--awb-margin-top:0px;--awb-margin-bottom:0px;--awb-background-image:url(&quot;https:\/\/ferienhaus-feldberg.net\/wp-content\/uploads\/2020\/02\/impressionen.jpg&quot;);--awb-background-size:cover;--awb-flex-wrap:wrap;\" ><div class=\"fusion-builder-row fusion-row\"><div class=\"fusion-layout-column fusion_builder_column fusion-builder-column-0 fusion_builder_column_1_1 1_1 fusion-one-full fusion-column-first fusion-column-last\" style=\"--awb-bg-position:right bottom;--awb-bg-size:cover;\"><div class=\"fusion-column-wrapper fusion-column-has-shadow fusion-flex-column-wrapper-legacy\"><div class=\"fusion-text fusion-text-1\"><p style=\"letter-spacing: 4px; font-size: 13px; margin-bottom: 0px; text-align: center;\">IMPRESSIONS<\/p>\n<h1 style=\"font-size: 36px; text-align: center;\" data-fontsize=\"46\" data-lineheight=\"51\" data-fusion-font=\"true\"><span style=\"color: #603813;\">La For\u00eat-Noire authentique, laissez-vous envo\u00fbter<\/span><\/h1>\n<\/div><div class=\"fusion-sep-clear\"><\/div><div class=\"fusion-separator\" style=\"margin-left: auto;margin-right: auto;margin-top:0px;margin-bottom:20px;width:100%;max-width:50px;\"><div class=\"fusion-separator-border sep-single sep-solid\" style=\"--awb-height:20px;--awb-amount:20px;--awb-sep-color:#cbaa5c;border-color:#cbaa5c;border-top-width:1px;\"><\/div><\/div><div class=\"fusion-sep-clear\"><\/div><div class=\"fusion-text fusion-text-2\"><p style=\"text-align: center;\">Des vacances au c\u0153ur d&rsquo;un magnifique paysage de la For\u00eat-Noire. Les paysages sont vari\u00e9s, de la neige profonde aux prairies verdoyantes et aux paysages lacustres. Villas de luxe en For\u00eat-Noire, pour les vacanciers qui reviennent toujours chez nous.<\/p>\n<\/div><div class=\"fusion-clearfix\"><\/div><\/div><\/div><div class=\"fusion-layout-column fusion_builder_column fusion-builder-column-1 fusion_builder_column_1_1 1_1 fusion-one-full fusion-column-first fusion-column-last\" style=\"--awb-bg-size:cover;\"><div class=\"fusion-column-wrapper fusion-column-has-shadow fusion-flex-column-wrapper-legacy\"><div class=\"awb-gallery-wrapper awb-gallery-wrapper-1 button-span-no\"><div style=\"margin:-5px;--awb-bordersize:0px;\" class=\"fusion-gallery fusion-gallery-container fusion-grid-3 fusion-columns-total-9 fusion-gallery-layout-masonry fusion-gallery-1\"><div class=\"fusion-grid-column fusion-gallery-column fusion-gallery-column-3 hover-type-none fusion-grid-sizer\"><\/div><div style=\"padding:5px;\" class=\"fusion-grid-column fusion-gallery-column fusion-gallery-column-3 hover-type-none fusion-element-grid\"><div class=\"fusion-gallery-image\"><a href=\"https:\/\/ferienhaus-feldberg.net\/wp-content\/uploads\/2021\/01\/Nachtaufnahme-Blockhaeuser1.jpg\" rel=\"noreferrer\" data-rel=\"iLightbox[gallery_image_1]\" class=\"fusion-lightbox\" target=\"_self\"><div style=\"background-image:url(https:\/\/ferienhaus-feldberg.net\/wp-content\/uploads\/2021\/01\/Nachtaufnahme-Blockhaeuser1.jpg);padding-top:calc((100% + 10px) * 0.8 - 5px);background-position:;\" class=\"fusion-masonry-element-container\"><img decoding=\"async\" src=\"https:\/\/ferienhaus-feldberg.net\/wp-content\/uploads\/2021\/01\/Nachtaufnahme-Blockhaeuser1.jpg\" width=\"1500\" height=\"1125\" alt=\"\" title=\"Vue nocturne des blockhaus1\" aria-label=\"Vue nocturne des blockhaus1\" class=\"img-responsive wp-image-2637\" srcset=\"https:\/\/ferienhaus-feldberg.net\/wp-content\/uploads\/2021\/01\/Nachtaufnahme-Blockhaeuser1-200x150.jpg 200w, https:\/\/ferienhaus-feldberg.net\/wp-content\/uploads\/2021\/01\/Nachtaufnahme-Blockhaeuser1-400x300.jpg 400w, https:\/\/ferienhaus-feldberg.net\/wp-content\/uploads\/2021\/01\/Nachtaufnahme-Blockhaeuser1-600x450.jpg 600w, https:\/\/ferienhaus-feldberg.net\/wp-content\/uploads\/2021\/01\/Nachtaufnahme-Blockhaeuser1-800x600.jpg 800w, https:\/\/ferienhaus-feldberg.net\/wp-content\/uploads\/2021\/01\/Nachtaufnahme-Blockhaeuser1-1200x900.jpg 1200w, https:\/\/ferienhaus-feldberg.net\/wp-content\/uploads\/2021\/01\/Nachtaufnahme-Blockhaeuser1.jpg 1500w\" sizes=\"(min-width: 2200px) 100vw, (min-width: 824px) 387px, (min-width: 732px) 580px, (min-width: 640px) 732px, \" \/><\/div><\/a><\/div><\/div><div style=\"padding:5px;\" class=\"fusion-grid-column fusion-gallery-column fusion-gallery-column-3 hover-type-none fusion-element-grid\"><div class=\"fusion-gallery-image\"><a href=\"https:\/\/ferienhaus-feldberg.net\/wp-content\/uploads\/2020\/02\/impressionen_feldberg3.jpg\" rel=\"noreferrer\" data-rel=\"iLightbox[gallery_image_1]\" class=\"fusion-lightbox\" target=\"_self\"><div style=\"background-image:url(https:\/\/ferienhaus-feldberg.net\/wp-content\/uploads\/2020\/02\/impressionen_feldberg3.jpg);padding-top:calc((100% + 10px) * 0.8 - 5px);background-position:;\" class=\"fusion-masonry-element-container\"><img decoding=\"async\" src=\"https:\/\/ferienhaus-feldberg.net\/wp-content\/uploads\/2020\/02\/impressionen_feldberg3.jpg\" width=\"1024\" height=\"732\" alt=\"\" title=\"impressions_feldberg3\" aria-label=\"impressions_feldberg3\" class=\"img-responsive wp-image-2578\" srcset=\"https:\/\/ferienhaus-feldberg.net\/wp-content\/uploads\/2020\/02\/impressionen_feldberg3-200x143.jpg 200w, https:\/\/ferienhaus-feldberg.net\/wp-content\/uploads\/2020\/02\/impressionen_feldberg3-400x286.jpg 400w, https:\/\/ferienhaus-feldberg.net\/wp-content\/uploads\/2020\/02\/impressionen_feldberg3-600x429.jpg 600w, https:\/\/ferienhaus-feldberg.net\/wp-content\/uploads\/2020\/02\/impressionen_feldberg3-800x572.jpg 800w, https:\/\/ferienhaus-feldberg.net\/wp-content\/uploads\/2020\/02\/impressionen_feldberg3.jpg 1024w\" sizes=\"(min-width: 2200px) 100vw, (min-width: 824px) 387px, (min-width: 732px) 580px, (min-width: 640px) 732px, \" \/><\/div><\/a><\/div><\/div><div style=\"padding:5px;\" class=\"fusion-grid-column fusion-gallery-column fusion-gallery-column-3 hover-type-none fusion-element-grid\"><div class=\"fusion-gallery-image\"><a href=\"https:\/\/ferienhaus-feldberg.net\/wp-content\/uploads\/2021\/01\/20201228_090647-scaled-e1609663163453.jpg\" rel=\"noreferrer\" data-rel=\"iLightbox[gallery_image_1]\" class=\"fusion-lightbox\" target=\"_self\"><div style=\"background-image:url(https:\/\/ferienhaus-feldberg.net\/wp-content\/uploads\/2021\/01\/20201228_090647-scaled-e1609663163453.jpg);padding-top:calc((100% + 10px) * 0.8 - 5px);background-position:;\" class=\"fusion-masonry-element-container\"><img decoding=\"async\" src=\"https:\/\/ferienhaus-feldberg.net\/wp-content\/uploads\/2021\/01\/20201228_090647-scaled-e1609663163453.jpg\" width=\"900\" height=\"675\" alt=\"\" title=\"20201228_090647\" aria-label=\"20201228_090647\" class=\"img-responsive wp-image-2593\"  \/><\/div><\/a><\/div><\/div><div style=\"padding:5px;\" class=\"fusion-grid-column fusion-gallery-column fusion-gallery-column-3 hover-type-none fusion-element-grid\"><div class=\"fusion-gallery-image\"><a href=\"https:\/\/ferienhaus-feldberg.net\/wp-content\/uploads\/2020\/10\/Badezuber-web3.jpg\" rel=\"noreferrer\" data-rel=\"iLightbox[gallery_image_1]\" class=\"fusion-lightbox\" target=\"_self\"><div style=\"background-image:url(https:\/\/ferienhaus-feldberg.net\/wp-content\/uploads\/2020\/10\/Badezuber-web3.jpg);padding-top:calc((100% + 10px) * 0.8 - 5px);background-position:;\" class=\"fusion-masonry-element-container\"><img decoding=\"async\" src=\"https:\/\/ferienhaus-feldberg.net\/wp-content\/uploads\/2020\/10\/Badezuber-web3.jpg\" width=\"800\" height=\"600\" alt=\"\" title=\"Baignoire web3\" aria-label=\"Baignoire web3\" class=\"img-responsive wp-image-2642\" srcset=\"https:\/\/ferienhaus-feldberg.net\/wp-content\/uploads\/2020\/10\/Badezuber-web3-200x150.jpg 200w, https:\/\/ferienhaus-feldberg.net\/wp-content\/uploads\/2020\/10\/Badezuber-web3-400x300.jpg 400w, https:\/\/ferienhaus-feldberg.net\/wp-content\/uploads\/2020\/10\/Badezuber-web3-600x450.jpg 600w, https:\/\/ferienhaus-feldberg.net\/wp-content\/uploads\/2020\/10\/Badezuber-web3.jpg 800w\" sizes=\"(min-width: 2200px) 100vw, (min-width: 824px) 387px, (min-width: 732px) 580px, (min-width: 640px) 732px, \" \/><\/div><\/a><\/div><\/div><div style=\"padding:5px;\" class=\"fusion-grid-column fusion-gallery-column fusion-gallery-column-3 hover-type-none fusion-element-landscape\"><div class=\"fusion-gallery-image\"><a href=\"https:\/\/ferienhaus-feldberg.net\/wp-content\/uploads\/2020\/02\/impressionen_feldberg.jpg\" rel=\"noreferrer\" data-rel=\"iLightbox[gallery_image_1]\" class=\"fusion-lightbox\" target=\"_self\"><div style=\"background-image:url(https:\/\/ferienhaus-feldberg.net\/wp-content\/uploads\/2020\/02\/impressionen_feldberg.jpg);padding-top:calc((100% + 10px) * 0.4 - 5px);background-position:;\" class=\"fusion-masonry-element-container\"><img decoding=\"async\" src=\"https:\/\/ferienhaus-feldberg.net\/wp-content\/uploads\/2020\/02\/impressionen_feldberg.jpg\" width=\"1024\" height=\"678\" alt=\"\" title=\"impressions_feldberg\" aria-label=\"impressions_feldberg\" class=\"img-responsive wp-image-2577\" srcset=\"https:\/\/ferienhaus-feldberg.net\/wp-content\/uploads\/2020\/02\/impressionen_feldberg-200x132.jpg 200w, https:\/\/ferienhaus-feldberg.net\/wp-content\/uploads\/2020\/02\/impressionen_feldberg-400x265.jpg 400w, https:\/\/ferienhaus-feldberg.net\/wp-content\/uploads\/2020\/02\/impressionen_feldberg-600x397.jpg 600w, https:\/\/ferienhaus-feldberg.net\/wp-content\/uploads\/2020\/02\/impressionen_feldberg-800x530.jpg 800w, https:\/\/ferienhaus-feldberg.net\/wp-content\/uploads\/2020\/02\/impressionen_feldberg.jpg 1024w\" sizes=\"(min-width: 2200px) 100vw, (min-width: 640px) 1170px, \" \/><\/div><\/a><\/div><\/div><div style=\"padding:5px;\" class=\"fusion-grid-column fusion-gallery-column fusion-gallery-column-3 hover-type-none fusion-element-landscape\"><div class=\"fusion-gallery-image\"><a href=\"https:\/\/ferienhaus-feldberg.net\/wp-content\/uploads\/2020\/05\/wohnzimmer-e1609662608975.jpg\" rel=\"noreferrer\" data-rel=\"iLightbox[gallery_image_1]\" class=\"fusion-lightbox\" target=\"_self\"><div style=\"background-image:url(https:\/\/ferienhaus-feldberg.net\/wp-content\/uploads\/2020\/05\/wohnzimmer-e1609662608975.jpg);padding-top:calc((100% + 10px) * 0.4 - 5px);background-position:;\" class=\"fusion-masonry-element-container\"><img decoding=\"async\" src=\"https:\/\/ferienhaus-feldberg.net\/wp-content\/uploads\/2020\/05\/wohnzimmer-e1609662608975.jpg\" width=\"900\" height=\"596\" alt=\"\" title=\"salon\" aria-label=\"salon\" class=\"img-responsive wp-image-2645\"  \/><\/div><\/a><\/div><\/div><div style=\"padding:5px;\" class=\"fusion-grid-column fusion-gallery-column fusion-gallery-column-3 hover-type-none fusion-element-landscape\"><div class=\"fusion-gallery-image\"><a href=\"https:\/\/ferienhaus-feldberg.net\/wp-content\/uploads\/2020\/02\/preise_feldberg-e1609662689423.jpg\" rel=\"noreferrer\" data-rel=\"iLightbox[gallery_image_1]\" class=\"fusion-lightbox\" target=\"_self\"><div style=\"background-image:url(https:\/\/ferienhaus-feldberg.net\/wp-content\/uploads\/2020\/02\/preise_feldberg-e1609662689423.jpg);padding-top:calc((100% + 10px) * 0.4 - 5px);background-position:;\" class=\"fusion-masonry-element-container\"><img decoding=\"async\" src=\"https:\/\/ferienhaus-feldberg.net\/wp-content\/uploads\/2020\/02\/preise_feldberg-e1609662689423.jpg\" width=\"900\" height=\"596\" alt=\"Tarifs Feldberg Chalets\" title=\"prix_montpellier\" aria-label=\"prix_montpellier\" class=\"img-responsive wp-image-2648\"  \/><\/div><\/a><\/div><\/div><div style=\"padding:5px;\" class=\"fusion-grid-column fusion-gallery-column fusion-gallery-column-3 hover-type-none fusion-element-grid\"><div class=\"fusion-gallery-image\"><a href=\"https:\/\/ferienhaus-feldberg.net\/wp-content\/uploads\/2021\/01\/Hottub.jpg\" rel=\"noreferrer\" data-rel=\"iLightbox[gallery_image_1]\" class=\"fusion-lightbox\" target=\"_self\"><div style=\"background-image:url(https:\/\/ferienhaus-feldberg.net\/wp-content\/uploads\/2021\/01\/Hottub.jpg);padding-top:calc((100% + 10px) * 0.8 - 5px);background-position:;\" class=\"fusion-masonry-element-container\"><img decoding=\"async\" src=\"https:\/\/ferienhaus-feldberg.net\/wp-content\/uploads\/2021\/01\/Hottub.jpg\" width=\"900\" height=\"675\" alt=\"\" title=\"Hottub\" aria-label=\"Hottub\" class=\"img-responsive wp-image-2638\" srcset=\"https:\/\/ferienhaus-feldberg.net\/wp-content\/uploads\/2021\/01\/Hottub-200x150.jpg 200w, https:\/\/ferienhaus-feldberg.net\/wp-content\/uploads\/2021\/01\/Hottub-400x300.jpg 400w, https:\/\/ferienhaus-feldberg.net\/wp-content\/uploads\/2021\/01\/Hottub-600x450.jpg 600w, https:\/\/ferienhaus-feldberg.net\/wp-content\/uploads\/2021\/01\/Hottub-800x600.jpg 800w, https:\/\/ferienhaus-feldberg.net\/wp-content\/uploads\/2021\/01\/Hottub.jpg 900w\" sizes=\"(min-width: 2200px) 100vw, (min-width: 824px) 387px, (min-width: 732px) 580px, (min-width: 640px) 732px, \" \/><\/div><\/a><\/div><\/div><div style=\"padding:5px;\" class=\"fusion-grid-column fusion-gallery-column fusion-gallery-column-3 hover-type-none fusion-element-grid\"><div class=\"fusion-gallery-image\"><a href=\"https:\/\/ferienhaus-feldberg.net\/wp-content\/uploads\/2021\/01\/20201228_090749-scaled-e1609661955510.jpg\" rel=\"noreferrer\" data-rel=\"iLightbox[gallery_image_1]\" class=\"fusion-lightbox\" target=\"_self\"><div style=\"background-image:url(https:\/\/ferienhaus-feldberg.net\/wp-content\/uploads\/2021\/01\/20201228_090749-scaled-e1609661955510.jpg);padding-top:calc((100% + 10px) * 0.8 - 5px);background-position:;\" class=\"fusion-masonry-element-container\"><img decoding=\"async\" src=\"https:\/\/ferienhaus-feldberg.net\/wp-content\/uploads\/2021\/01\/20201228_090749-scaled-e1609661955510.jpg\" width=\"900\" height=\"675\" alt=\"\" title=\"20201228_090749\" aria-label=\"20201228_090749\" class=\"img-responsive wp-image-2599\"  \/><\/div><\/a><\/div><\/div><\/div><\/div><div class=\"fusion-sep-clear\"><\/div><div class=\"fusion-separator fusion-full-width-sep\" style=\"margin-left: auto;margin-right: auto;margin-top:480px;margin-bottom:480px;width:100%;\"><\/div><div class=\"fusion-sep-clear\"><\/div><div class=\"fusion-clearfix\"><\/div><\/div><\/div><\/div><\/div>\n","protected":false},"excerpt":{"rendered":"","protected":false},"author":1,"featured_media":0,"parent":0,"menu_order":0,"comment_status":"open","ping_status":"open","template":"100-width.php","meta":{"footnotes":"","_wp_rev_ctl_limit":""},"class_list":["post-2564","page","type-page","status-publish","hentry"],"yoast_head":"<!-- This site is optimized with the Yoast SEO plugin v26.6 - https:\/\/yoast.com\/wordpress\/plugins\/seo\/ -->\n<title>Impressions de la For\u00eat-Noire, paysage de la For\u00eat-Noire Paysage de neige<\/title>\n<meta name=\"description\" content=\"La vraie For\u00eat Noire ! Laissez-vous enchanter et profitez des paysages profond\u00e9ment enneig\u00e9s ou des prairies verdoyantes pendant les mois d&#039;\u00e9t\u00e9 sur le Feldberg.\" \/>\n<meta name=\"robots\" content=\"index, follow, max-snippet:-1, max-image-preview:large, max-video-preview:-1\" \/>\n<link rel=\"canonical\" href=\"https:\/\/ferienhaus-feldberg.net\/fr\/impressions\/\" \/>\n<meta property=\"og:locale\" content=\"fr_FR\" \/>\n<meta property=\"og:type\" content=\"article\" \/>\n<meta property=\"og:title\" content=\"Impressions de la For\u00eat-Noire, paysage de la For\u00eat-Noire Paysage de neige\" \/>\n<meta property=\"og:description\" content=\"La vraie For\u00eat Noire ! Laissez-vous enchanter et profitez des paysages profond\u00e9ment enneig\u00e9s ou des prairies verdoyantes pendant les mois d&#039;\u00e9t\u00e9 sur le Feldberg.\" \/>\n<meta property=\"og:url\" content=\"https:\/\/ferienhaus-feldberg.net\/fr\/impressions\/\" \/>\n<meta property=\"og:site_name\" content=\"Schwarzwald Ferienhaus auf dem Feldberg\" \/>\n<meta property=\"article:modified_time\" content=\"2025-12-14T17:30:09+00:00\" \/>\n<meta name=\"twitter:card\" content=\"summary_large_image\" \/>\n<script type=\"application\/ld+json\" class=\"yoast-schema-graph\">{\"@context\":\"https:\/\/schema.org\",\"@graph\":[{\"@type\":\"WebPage\",\"@id\":\"https:\/\/ferienhaus-feldberg.net\/fr\/impressions\/\",\"url\":\"https:\/\/ferienhaus-feldberg.net\/fr\/impressions\/\",\"name\":\"Impressions de la For\u00eat-Noire, paysage de la For\u00eat-Noire Paysage de neige\",\"isPartOf\":{\"@id\":\"https:\/\/ferienhaus-feldberg.net\/fr\/#website\"},\"datePublished\":\"2020-02-11T04:35:33+00:00\",\"dateModified\":\"2025-12-14T17:30:09+00:00\",\"description\":\"La vraie For\u00eat Noire ! Laissez-vous enchanter et profitez des paysages profond\u00e9ment enneig\u00e9s ou des prairies verdoyantes pendant les mois d'\u00e9t\u00e9 sur le Feldberg.\",\"breadcrumb\":{\"@id\":\"https:\/\/ferienhaus-feldberg.net\/fr\/impressions\/#breadcrumb\"},\"inLanguage\":\"fr-FR\",\"potentialAction\":[{\"@type\":\"ReadAction\",\"target\":[\"https:\/\/ferienhaus-feldberg.net\/fr\/impressions\/\"]}]},{\"@type\":\"BreadcrumbList\",\"@id\":\"https:\/\/ferienhaus-feldberg.net\/fr\/impressions\/#breadcrumb\",\"itemListElement\":[{\"@type\":\"ListItem\",\"position\":1,\"name\":\"Startseite\",\"item\":\"https:\/\/ferienhaus-feldberg.net\/fr\/accueil\/\"},{\"@type\":\"ListItem\",\"position\":2,\"name\":\"IMPRESSIONS\"}]},{\"@type\":\"WebSite\",\"@id\":\"https:\/\/ferienhaus-feldberg.net\/fr\/#website\",\"url\":\"https:\/\/ferienhaus-feldberg.net\/fr\/\",\"name\":\"Schwarzwald Ferienhaus auf dem Feldberg\",\"description\":\"Das einzigartige Ferienhaus im Schwarzwald auf dem Feldberg\",\"publisher\":{\"@id\":\"https:\/\/ferienhaus-feldberg.net\/fr\/#organization\"},\"potentialAction\":[{\"@type\":\"SearchAction\",\"target\":{\"@type\":\"EntryPoint\",\"urlTemplate\":\"https:\/\/ferienhaus-feldberg.net\/fr\/?s={search_term_string}\"},\"query-input\":{\"@type\":\"PropertyValueSpecification\",\"valueRequired\":true,\"valueName\":\"search_term_string\"}}],\"inLanguage\":\"fr-FR\"},{\"@type\":\"Organization\",\"@id\":\"https:\/\/ferienhaus-feldberg.net\/fr\/#organization\",\"name\":\"Blockhaus-Chalet GmbH\",\"url\":\"https:\/\/ferienhaus-feldberg.net\/fr\/\",\"logo\":{\"@type\":\"ImageObject\",\"inLanguage\":\"fr-FR\",\"@id\":\"https:\/\/ferienhaus-feldberg.net\/fr\/#\/schema\/logo\/image\/\",\"url\":\"https:\/\/ferienhaus-feldberg.net\/wp-content\/uploads\/2020\/01\/blockhaus-chalet_logo_retina.png\",\"contentUrl\":\"https:\/\/ferienhaus-feldberg.net\/wp-content\/uploads\/2020\/01\/blockhaus-chalet_logo_retina.png\",\"width\":400,\"height\":231,\"caption\":\"Blockhaus-Chalet GmbH\"},\"image\":{\"@id\":\"https:\/\/ferienhaus-feldberg.net\/fr\/#\/schema\/logo\/image\/\"}}]}<\/script>\n<!-- \/ Yoast SEO plugin. -->","yoast_head_json":{"title":"Impressions de la For\u00eat-Noire, paysage de la For\u00eat-Noire Paysage de neige","description":"La vraie For\u00eat Noire ! Laissez-vous enchanter et profitez des paysages profond\u00e9ment enneig\u00e9s ou des prairies verdoyantes pendant les mois d'\u00e9t\u00e9 sur le Feldberg.","robots":{"index":"index","follow":"follow","max-snippet":"max-snippet:-1","max-image-preview":"max-image-preview:large","max-video-preview":"max-video-preview:-1"},"canonical":"https:\/\/ferienhaus-feldberg.net\/fr\/impressions\/","og_locale":"fr_FR","og_type":"article","og_title":"Impressions de la For\u00eat-Noire, paysage de la For\u00eat-Noire Paysage de neige","og_description":"La vraie For\u00eat Noire ! Laissez-vous enchanter et profitez des paysages profond\u00e9ment enneig\u00e9s ou des prairies verdoyantes pendant les mois d'\u00e9t\u00e9 sur le Feldberg.","og_url":"https:\/\/ferienhaus-feldberg.net\/fr\/impressions\/","og_site_name":"Schwarzwald Ferienhaus auf dem Feldberg","article_modified_time":"2025-12-14T17:30:09+00:00","twitter_card":"summary_large_image","schema":{"@context":"https:\/\/schema.org","@graph":[{"@type":"WebPage","@id":"https:\/\/ferienhaus-feldberg.net\/fr\/impressions\/","url":"https:\/\/ferienhaus-feldberg.net\/fr\/impressions\/","name":"Impressions de la For\u00eat-Noire, paysage de la For\u00eat-Noire Paysage de neige","isPartOf":{"@id":"https:\/\/ferienhaus-feldberg.net\/fr\/#website"},"datePublished":"2020-02-11T04:35:33+00:00","dateModified":"2025-12-14T17:30:09+00:00","description":"La vraie For\u00eat Noire ! Laissez-vous enchanter et profitez des paysages profond\u00e9ment enneig\u00e9s ou des prairies verdoyantes pendant les mois d'\u00e9t\u00e9 sur le Feldberg.","breadcrumb":{"@id":"https:\/\/ferienhaus-feldberg.net\/fr\/impressions\/#breadcrumb"},"inLanguage":"fr-FR","potentialAction":[{"@type":"ReadAction","target":["https:\/\/ferienhaus-feldberg.net\/fr\/impressions\/"]}]},{"@type":"BreadcrumbList","@id":"https:\/\/ferienhaus-feldberg.net\/fr\/impressions\/#breadcrumb","itemListElement":[{"@type":"ListItem","position":1,"name":"Startseite","item":"https:\/\/ferienhaus-feldberg.net\/fr\/accueil\/"},{"@type":"ListItem","position":2,"name":"IMPRESSIONS"}]},{"@type":"WebSite","@id":"https:\/\/ferienhaus-feldberg.net\/fr\/#website","url":"https:\/\/ferienhaus-feldberg.net\/fr\/","name":"Schwarzwald Ferienhaus auf dem Feldberg","description":"Das einzigartige Ferienhaus im Schwarzwald auf dem Feldberg","publisher":{"@id":"https:\/\/ferienhaus-feldberg.net\/fr\/#organization"},"potentialAction":[{"@type":"SearchAction","target":{"@type":"EntryPoint","urlTemplate":"https:\/\/ferienhaus-feldberg.net\/fr\/?s={search_term_string}"},"query-input":{"@type":"PropertyValueSpecification","valueRequired":true,"valueName":"search_term_string"}}],"inLanguage":"fr-FR"},{"@type":"Organization","@id":"https:\/\/ferienhaus-feldberg.net\/fr\/#organization","name":"Blockhaus-Chalet GmbH","url":"https:\/\/ferienhaus-feldberg.net\/fr\/","logo":{"@type":"ImageObject","inLanguage":"fr-FR","@id":"https:\/\/ferienhaus-feldberg.net\/fr\/#\/schema\/logo\/image\/","url":"https:\/\/ferienhaus-feldberg.net\/wp-content\/uploads\/2020\/01\/blockhaus-chalet_logo_retina.png","contentUrl":"https:\/\/ferienhaus-feldberg.net\/wp-content\/uploads\/2020\/01\/blockhaus-chalet_logo_retina.png","width":400,"height":231,"caption":"Blockhaus-Chalet GmbH"},"image":{"@id":"https:\/\/ferienhaus-feldberg.net\/fr\/#\/schema\/logo\/image\/"}}]}},"amp_enabled":false,"_links":{"self":[{"href":"https:\/\/ferienhaus-feldberg.net\/fr\/wp-json\/wp\/v2\/pages\/2564","targetHints":{"allow":["GET"]}}],"collection":[{"href":"https:\/\/ferienhaus-feldberg.net\/fr\/wp-json\/wp\/v2\/pages"}],"about":[{"href":"https:\/\/ferienhaus-feldberg.net\/fr\/wp-json\/wp\/v2\/types\/page"}],"author":[{"embeddable":true,"href":"https:\/\/ferienhaus-feldberg.net\/fr\/wp-json\/wp\/v2\/users\/1"}],"replies":[{"embeddable":true,"href":"https:\/\/ferienhaus-feldberg.net\/fr\/wp-json\/wp\/v2\/comments?post=2564"}],"version-history":[{"count":5,"href":"https:\/\/ferienhaus-feldberg.net\/fr\/wp-json\/wp\/v2\/pages\/2564\/revisions"}],"predecessor-version":[{"id":2734,"href":"https:\/\/ferienhaus-feldberg.net\/fr\/wp-json\/wp\/v2\/pages\/2564\/revisions\/2734"}],"wp:attachment":[{"href":"https:\/\/ferienhaus-feldberg.net\/fr\/wp-json\/wp\/v2\/media?parent=2564"}],"curies":[{"name":"wp","href":"https:\/\/api.w.org\/{rel}","templated":true}]}}